{"id":10,"date":"2023-12-19T23:08:52","date_gmt":"2023-12-19T22:08:52","guid":{"rendered":"https:\/\/www.repaircafecolomiers.org\/?page_id=9"},"modified":"2025-08-28T22:19:37","modified_gmt":"2025-08-28T20:19:37","slug":"liste-des-seances-2023-2024","status":"publish","type":"page","link":"https:\/\/www.repaircafecolomiers.org\/?page_id=10","title":{"rendered":"Liste des s\u00e9ances pour la saison 2025\/2026"},"content":{"rendered":"\n<p class=\"has-black-color has-text-color has-link-color wp-elements-b1bc34c0fb6609d23555660c37ae20fa\" style=\"font-size:19px\">Le Repair Caf\u00e9 Colomiers se d\u00e9place \u00e0 chaque s\u00e9ance et change de lieu. <\/p>\n\n\n\n<p class=\"has-black-color has-text-color has-link-color wp-elements-31ccf01643eb292bc5a16da1bd015e88\" style=\"font-size:19px\">Notez la s\u00e9ance la plus proche de chez vous et que les s\u00e9ances se d\u00e9roulent les samedi et dimanche de 14H00 \u00e0 18H00 dans les maisons citoyennes et tiers lieux, au \u00ab\u00a0Pavillon Blanc\u00a0\u00bb les s\u00e9ances d\u00e9butent \u00e0 15h00.<\/p>\n\n\n\n<table id=\"tablepress-3\" class=\"tablepress tablepress-id-3\">\n<thead>\n<tr class=\"row-1\">\n\t<th class=\"column-1\">DATE<\/th><th class=\"column-2\">HORAIRE<\/th><th class=\"column-3\">LIEUX<\/th><th class=\"column-4\">ADRESSE<\/th><td class=\"column-5\"><\/td>\n<\/tr>\n<\/thead>\n<tbody class=\"row-striping row-hover\">\n<tr class=\"row-2\">\n\t<td class=\"column-1\">Samedi 06 septembre 2025<\/td><td class=\"column-2\">10H00 &#8211; 12H00<br \/>\n14H00 \u2013 18H00<\/td><td class=\"column-3\">Hall Comminges<br \/>\nATTENTION:<br \/>\nPAS DE R\u00c9PARATION<\/td><td class=\"column-4\"><a href=\"https:\/\/www.google.fr\/maps\/place\/Hall+Comminges\/@43.6086252,1.32903,16z\/data=!3m1!4b1!4m6!3m5!1s0x12aeb04a39920069:0x7019efc69a36dc6a!8m2!3d43.6086252!4d1.3316049!16s%2Fg%2F11csbntjpl?entry=ttu\">Hall Comminges, places des f\u00eates \u2013 Colomiers<\/a><\/td><td class=\"column-5\"><\/td>\n<\/tr>\n<tr class=\"row-3\">\n\t<td class=\"column-1\"> Dimanche 28 septembre 2025<\/td><td class=\"column-2\">14H00 &#8211; 18H00<\/td><td class=\"column-3\">Maison citoyenne<br \/>\nLa Naspe<\/td><td class=\"column-4\"><a href=\"https:\/\/www.google.fr\/maps\/place\/27+All.+de+la+Champagne,+31770+Colomiers\/@43.6192878,1.3280463,17z\/data=!4m6!3m5!1s0x12aeb032661401ad:0xf677e74a09e6b808!8m2!3d43.6192878!4d1.3306212!16s%2Fg%2F11bw4njnpk?entry=ttu\">27 all\u00e9e de la Champagne \u2013 Colomiers <\/a><\/td><td class=\"column-5\"><\/td>\n<\/tr>\n<tr class=\"row-4\">\n\t<td class=\"column-1\"> Samedi 11 octobre 2025<\/td><td class=\"column-2\">14H00 &#8211; 18H00<\/td><td class=\"column-3\">M\u00e9moth\u00e8que<\/td><td class=\"column-4\"><a href=\"https:\/\/www.google.fr\/maps\/place\/All.+de+l&#039;Ormeau,+31770+Colomiers\/@43.61625,1.3262091,17z\/data=!3m1!4b1!4m6!3m5!1s0x12aeb033122d0d91:0xe42e70e245a93bad!8m2!3d43.61625!4d1.328784!16s%2Fg%2F1w8g37vl?entry=ttu\">All\u00e9e de l\u2019Ormeau &#8211; Colomiers<\/a><\/td><td class=\"column-5\"><\/td>\n<\/tr>\n<tr class=\"row-5\">\n\t<td class=\"column-1\"> Jeudi 16 octobre 2025<\/td><td class=\"column-2\"><strong>15H00 &#8211; 18H00<\/strong><\/td><td class=\"column-3\">Pavillon Blanc<\/td><td class=\"column-4\"><a href=\"https:\/\/www.google.fr\/maps\/place\/Pavillon+Blanc+Henri+Molina+M\u00e9diath\u00e8que+%7C+Centre+d&#039;art+de+Colomiers\/@43.6099862,1.3317139,17z\/data=!4m15!1m8!3m7!1s0x12aeb049d02515c7:0x1171cd82fa723ee0!2sPlace+Alex+Raymond,+31770+Colomiers!3b1!8m2!3d43.6101787!4d1.3345\">7 place Alex Raymond \u2013 Colomiers<\/a><\/td><td class=\"column-5\"><\/td>\n<\/tr>\n<tr class=\"row-6\">\n\t<td class=\"column-1\">Samedi 25 octobre 2025<\/td><td class=\"column-2\">09H00 &#8211; 12H00<br \/>\n15H00 \u2013 18H00<\/td><td class=\"column-3\">Hall Comminges<\/td><td class=\"column-4\"><a href=\"https:\/\/www.google.fr\/maps\/place\/Hall+Comminges\/@43.6086252,1.32903,16z\/data=!3m1!4b1!4m6!3m5!1s0x12aeb04a39920069:0x7019efc69a36dc6a!8m2!3d43.6086252!4d1.3316049!16s%2Fg%2F11csbntjpl?entry=ttu\">Hall Comminges, places des f\u00eates \u2013 Colomiers<\/a><\/td><td class=\"column-5\"><\/td>\n<\/tr>\n<tr class=\"row-7\">\n\t<td class=\"column-1\">Samedi 22 novembre 2025<\/td><td class=\"column-2\">14H00 &#8211; 18H00<\/td><td class=\"column-3\">Maison citoyenne<br \/>\nRamassiers<\/td><td class=\"column-4\"><a href=\"https:\/\/www.google.fr\/maps\/place\/\u00c9cole+Lucie+Aubrac\/@43.5970159,1.3458271,17z\/data=!3m2!4b1!5s0x12aeb067392bcd65:0xcad7525868cfde4!4m6!3m5!1s0x12aeb0673e9a93d3:0xbb179fb67cf0f990!8m2!3d43.5970159!4d1.348402!16s%2Fg%2F11c52rmb8g?entry=ttu\">1 all\u00e9e Georges Brassens, (\u00c9cole Lucie Aubrac) \u2013 Colomiers<\/a><\/td><td class=\"column-5\"><\/td>\n<\/tr>\n<tr class=\"row-8\">\n\t<td class=\"column-1\">Jeudi 04 d\u00e9cembre 2025<\/td><td class=\"column-2\"><strong>15H00 &#8211; 18H00<\/strong><\/td><td class=\"column-3\">Pavillon Blanc<\/td><td class=\"column-4\"><a href=\"https:\/\/www.google.fr\/maps\/place\/Pavillon+Blanc+Henri+Molina+M\u00e9diath\u00e8que+%7C+Centre+d&#039;art+de+Colomiers\/@43.6099862,1.3317139,17z\/data=!4m15!1m8!3m7!1s0x12aeb049d02515c7:0x1171cd82fa723ee0!2sPlace+Alex+Raymond,+31770+Colomiers!3b1!8m2!3d43.6101787!4d1.3345\">7 place Alex Raymond \u2013 Colomiers<\/a><\/td><td class=\"column-5\"><\/td>\n<\/tr>\n<tr class=\"row-9\">\n\t<td class=\"column-1\">Dimanche 14 d\u00e9cembre 2025<\/td><td class=\"column-2\">14H00 &#8211; 18H00<\/td><td class=\"column-3\">Salle polyvalente<br \/>\nEn Jacca<\/td><td class=\"column-4\"><a href=\"https:\/\/www.google.fr\/maps\/place\/Salle+polyvalente+en+Jacca\/@43.6065672,1.3174595,17z\/data=!4m15!1m8!3m7!1s0x12aeb1b0d26aa7e1:0x5ebf865466e8ceb4!2sAll.+de+Bigorre,+31770+Colomiers!3b1!8m2!3d43.6065672!4d1.3200344!16s%2Fg%2F1wcj_mld!3m5!1s0x12aeb1b737780bb\">All\u00e9e de Bigorre \u2013 Colomiers<\/a><\/td><td class=\"column-5\"><\/td>\n<\/tr>\n<tr class=\"row-10\">\n\t<td class=\"column-1\"><\/td><td class=\"column-2\"><\/td><td class=\"column-3\"><span style=\"color:#FF0000;\"><strong><u>2026<\/u><\/strong><\/span><\/td><td class=\"column-4\"><span style=\"color:#0000FF;\"><u><\/u><\/span><\/td><td class=\"column-5\"><\/td>\n<\/tr>\n<tr class=\"row-11\">\n\t<td class=\"column-1\">Dimanche 11 janvier 2026<\/td><td class=\"column-2\">14H00 &#8211; 18H00<\/td><td class=\"column-3\">Terminus des pr\u00e9tentieux<\/td><td class=\"column-4\"><a href=\"https:\/\/map.qwant.com\/place\/addr:1.343687;43.608308:6@6_All\u00e9e_de_Cerdagne#map=16.50\/43.6083080\/1.3436870\">6 all\u00e9e de Cerdagne \u2013 Colomiers<\/a><\/td><td class=\"column-5\"><\/td>\n<\/tr>\n<tr class=\"row-12\">\n\t<td class=\"column-1\">Samedi 24 janvier 2026<\/td><td class=\"column-2\">14H00 &#8211; 18H00<\/td><td class=\"column-3\">Assembl\u00e9 g\u00e9n\u00e9rale de l&rsquo;association<br \/>\n<br \/>\nMaison des Transitions \u00c9cologique<\/td><td class=\"column-4\"><a href=\"https:\/\/www.google.fr\/maps\/place\/1+All.+de+la+Corr\u00e8ze,+31770+Colomiers\/@43.6076721,1.3344815,17z\/data=!3m1!4b1!4m6!3m5!1s0x12aeb048f28fac3d:0x395f72e9462225aa!8m2!3d43.6076721!4d1.3370564!16s%2Fg%2F11csjt8nlk?entry=ttu\">1bis all\u00e9e de Corr\u00e8ze \u2013 Colomiers<\/a><\/td><td class=\"column-5\"><\/td>\n<\/tr>\n<tr class=\"row-13\">\n\t<td class=\"column-1\">Samedi 07 f\u00e9vrier 2026<\/td><td class=\"column-2\">14H00 &#8211; 18H00<\/td><td class=\"column-3\">Maison des Transitions \u00c9cologique<\/td><td class=\"column-4\"><a href=\"https:\/\/www.google.fr\/maps\/place\/1+All.+de+la+Corr\u00e8ze,+31770+Colomiers\/@43.6076721,1.3344815,17z\/data=!3m1!4b1!4m6!3m5!1s0x12aeb048f28fac3d:0x395f72e9462225aa!8m2!3d43.6076721!4d1.3370564!16s%2Fg%2F11csjt8nlk?entry=ttu\">1bis all\u00e9e de Corr\u00e8ze \u2013 Colomiers<\/a><\/td><td class=\"column-5\"><\/td>\n<\/tr>\n<tr class=\"row-14\">\n\t<td class=\"column-1\">Jeudi 19 f\u00e9vrier 2026<\/td><td class=\"column-2\"><strong>15H00 &#8211; 18H00<\/strong><\/td><td class=\"column-3\">Pavillon Blanc<\/td><td class=\"column-4\"><a href=\"https:\/\/www.google.fr\/maps\/place\/Pavillon+Blanc+Henri+Molina+M\u00e9diath\u00e8que+%7C+Centre+d&#039;art+de+Colomiers\/@43.6099862,1.3317139,17z\/data=!4m15!1m8!3m7!1s0x12aeb049d02515c7:0x1171cd82fa723ee0!2sPlace+Alex+Raymond,+31770+Colomiers!3b1!8m2!3d43.6101787!4d1.3345\">7 place Alex Raymond \u2013 Colomiers<\/a><\/td><td class=\"column-5\"><\/td>\n<\/tr>\n<tr class=\"row-15\">\n\t<td class=\"column-1\">Samedi 14 mars 2026<\/td><td class=\"column-2\">14H00 &#8211; 18H00<\/td><td class=\"column-3\">Maison citoyenne<br \/>\nSaint Exup\u00e9ry<\/td><td class=\"column-4\"><a href=\"https:\/\/www.google.fr\/maps\/place\/12+All.+du+Lauragais,+31770+Colomiers\/@43.6097332,1.3302573,17z\/data=!3m1!4b1!4m6!3m5!1s0x12aeb049f142e889:0x3bd6f0cdb06c0c11!8m2!3d43.6097332!4d1.3328322!16s%2Fg%2F11bw4hlw1d?entry=ttu\">12 all\u00e9e du Lauragais \u2013 Colomiers<\/a><\/td><td class=\"column-5\"><\/td>\n<\/tr>\n<tr class=\"row-16\">\n\t<td class=\"column-1\">Samedi 11 avril 2026<\/td><td class=\"column-2\">14H00 &#8211; 18H00<\/td><td class=\"column-3\">D\u00e9chetterie Colomiers \/ Plaisance du Touch<\/td><td class=\"column-4\"><a href=\"https:\/\/www.google.fr\/maps\/place\/D\u00e9ch\u00e8terie+Plaisance-du-Touch\/@43.5923535,1.2971798,17z\/data=!4m15!1m8!3m7!1s0x12aeb19d5cd2689f:0x890677ddceedb8e4!2s2+Rue+du+Dr+Charcot,+31830+Plaisance-du-Touch!3b1!8m2!3d43.5923535!4d1.2997547!16s%2Fg%2F11c5kp2xr4!3m5!1\">2 rue du Dr Charcot \u2013 Plaisance du Touch<\/a><\/td><td class=\"column-5\"><\/td>\n<\/tr>\n<tr class=\"row-17\">\n\t<td class=\"column-1\">Jeudi 16 avril 2026<\/td><td class=\"column-2\"><strong>15H00 &#8211; 18H00<\/strong><\/td><td class=\"column-3\">Pavillon Blanc<\/td><td class=\"column-4\"><a href=\"https:\/\/www.google.fr\/maps\/place\/Pavillon+Blanc+Henri+Molina+M\u00e9diath\u00e8que+%7C+Centre+d&#039;art+de+Colomiers\/@43.6099862,1.3317139,17z\/data=!4m15!1m8!3m7!1s0x12aeb049d02515c7:0x1171cd82fa723ee0!2sPlace+Alex+Raymond,+31770+Colomiers!3b1!8m2!3d43.6101787!4d1.3345\">7 place Alex Raymond \u2013 Colomiers<\/a><\/td><td class=\"column-5\"><\/td>\n<\/tr>\n<tr class=\"row-18\">\n\t<td class=\"column-1\">Samedi 30 mai 2026<\/td><td class=\"column-2\">14H00 &#8211; 18H00<\/td><td class=\"column-3\">Maison citoyenne<br \/>\nRamassiers<\/td><td class=\"column-4\"><a href=\"https:\/\/www.google.fr\/maps\/place\/\u00c9cole+Lucie+Aubrac\/@43.5970159,1.3458271,17z\/data=!3m2!4b1!5s0x12aeb067392bcd65:0xcad7525868cfde4!4m6!3m5!1s0x12aeb0673e9a93d3:0xbb179fb67cf0f990!8m2!3d43.5970159!4d1.348402!16s%2Fg%2F11c52rmb8g?entry=ttu\">1 all\u00e9e Georges Brassens, (\u00c9cole Lucie Aubrac) \u2013 Colomiers<\/a><\/td><td class=\"column-5\"><\/td>\n<\/tr>\n<tr class=\"row-19\">\n\t<td class=\"column-1\">Jeudi 11 juin 2026<\/td><td class=\"column-2\"><strong>15H00 &#8211; 18H00<\/strong><\/td><td class=\"column-3\">Pavillon Blanc<\/td><td class=\"column-4\"><a href=\"https:\/\/www.google.fr\/maps\/place\/Pavillon+Blanc+Henri+Molina+M\u00e9diath\u00e8que+%7C+Centre+d&#039;art+de+Colomiers\/@43.6099862,1.3317139,17z\/data=!4m15!1m8!3m7!1s0x12aeb049d02515c7:0x1171cd82fa723ee0!2sPlace+Alex+Raymond,+31770+Colomiers!3b1!8m2!3d43.6101787!4d1.3345\">7 place Alex Raymond \u2013 Colomiers<\/a><\/td><td class=\"column-5\"><\/td>\n<\/tr>\n<tr class=\"row-20\">\n\t<td class=\"column-1\">Samedi 20 juin 2026<\/td><td class=\"column-2\">14H00 &#8211; 18H00<\/td><td class=\"column-3\">Maison citoyenne<br \/>\nLa Naspe<\/td><td class=\"column-4\"><a href=\"https:\/\/www.google.fr\/maps\/place\/27+All.+de+la+Champagne,+31770+Colomiers\/@43.6192878,1.3280463,17z\/data=!4m6!3m5!1s0x12aeb032661401ad:0xf677e74a09e6b808!8m2!3d43.6192878!4d1.3306212!16s%2Fg%2F11bw4njnpk?entry=ttu\">27 all\u00e9e de la Champagne \u2013 Colomiers <\/a><\/td><td class=\"column-5\"><\/td>\n<\/tr>\n<tr class=\"row-21\">\n\t<td class=\"column-1\">Samedi 04 juillet 2026<\/td><td class=\"column-2\">14H00 &#8211; 18H00<\/td><td class=\"column-3\">Maison des Transitions \u00c9cologique<\/td><td class=\"column-4\"><a href=\"https:\/\/www.google.fr\/maps\/place\/1+All.+de+la+Corr\u00e8ze,+31770+Colomiers\/@43.6076721,1.3344815,17z\/data=!3m1!4b1!4m6!3m5!1s0x12aeb048f28fac3d:0x395f72e9462225aa!8m2!3d43.6076721!4d1.3370564!16s%2Fg%2F11csjt8nlk?entry=ttu\">1bis all\u00e9e de Corr\u00e8ze \u2013 Colomiers<\/a><\/td><td class=\"column-5\"><\/td>\n<\/tr>\n<\/tbody>\n<\/table>\n<!-- #tablepress-3 from cache -->","protected":false},"excerpt":{"rendered":"<p>Le Repair Caf\u00e9 Colomiers se d\u00e9place \u00e0 chaque s\u00e9ance et change de lieu. Notez la s\u00e9ance la plus proche de chez vous et que les s\u00e9ances se d\u00e9roulent les samedi &#8230;<\/p>\n","protected":false},"author":5,"featured_media":589,"parent":0,"menu_order":0,"comment_status":"open","ping_status":"closed","template":"","meta":{"footnotes":""},"class_list":["post-10","page","type-page","status-publish","has-post-thumbnail","hentry"],"_links":{"self":[{"href":"https:\/\/www.repaircafecolomiers.org\/index.php?rest_route=\/wp\/v2\/pages\/10","targetHints":{"allow":["GET"]}}],"collection":[{"href":"https:\/\/www.repaircafecolomiers.org\/index.php?rest_route=\/wp\/v2\/pages"}],"about":[{"href":"https:\/\/www.repaircafecolomiers.org\/index.php?rest_route=\/wp\/v2\/types\/page"}],"author":[{"embeddable":true,"href":"https:\/\/www.repaircafecolomiers.org\/index.php?rest_route=\/wp\/v2\/users\/5"}],"replies":[{"embeddable":true,"href":"https:\/\/www.repaircafecolomiers.org\/index.php?rest_route=%2Fwp%2Fv2%2Fcomments&post=10"}],"version-history":[{"count":17,"href":"https:\/\/www.repaircafecolomiers.org\/index.php?rest_route=\/wp\/v2\/pages\/10\/revisions"}],"predecessor-version":[{"id":828,"href":"https:\/\/www.repaircafecolomiers.org\/index.php?rest_route=\/wp\/v2\/pages\/10\/revisions\/828"}],"wp:featuredmedia":[{"embeddable":true,"href":"https:\/\/www.repaircafecolomiers.org\/index.php?rest_route=\/wp\/v2\/media\/589"}],"wp:attachment":[{"href":"https:\/\/www.repaircafecolomiers.org\/index.php?rest_route=%2Fwp%2Fv2%2Fmedia&parent=10"}],"curies":[{"name":"wp","href":"https:\/\/api.w.org\/{rel}","templated":true}]}}