{"id":12,"date":"2023-12-19T23:18:29","date_gmt":"2023-12-19T22:18:29","guid":{"rendered":"http:\/\/www.repaircafecolomiers.org\/?page_id=12"},"modified":"2024-05-17T11:17:05","modified_gmt":"2024-05-17T09:17:05","slug":"le-repair-cafe-colomiers-comment-ca-marche","status":"publish","type":"page","link":"https:\/\/www.repaircafecolomiers.org\/?page_id=12","title":{"rendered":"Le Repair caf\u00e9 Colomiers, comment \u00e7a marche ?"},"content":{"rendered":"\n<p class=\"has-black-color has-text-color has-link-color wp-elements-8f526eccbe7cd0c82638275e99ff23d5\">Vous n\u2019\u00eates jamais venu au Repair Caf\u00e9 Colomiers ? Vous ne savez pas comment se d\u00e9roule une s\u00e9ance ? Faut il prendre rendez vous ? Faut il payer quelque chose ? Ne bougez plus et lisez ce qui suit !<\/p>\n\n\n\n<h2 class=\"wp-block-heading\">Un principe d\u00e9clin\u00e9 en 4 r\u00e8gles simples<\/h2>\n\n\n\n<p class=\"has-black-color has-text-color has-link-color wp-elements-7e4e7d6f233c40b2f0d308b89deb7c3f\">Nous avons d\u00e9fini notre fonctionnement autour de 4 r\u00e8gles que l\u2019on a voulu simples pour que chacun puisse facilement acc\u00e9der \u00e0 nos services.<\/p>\n\n\n\n<h3 class=\"wp-block-heading\">1. Nous sommes tous b\u00e9n\u00e9voles<\/h3>\n\n\n\n<p class=\"has-black-color has-text-color has-link-color wp-elements-e54929ce4084e057318426580ee8fd61\">Au Repair Caf\u00e9, tous les r\u00e9parateurs sont b\u00e9n\u00e9voles. Nous prenons sur notre temps pour vous aider, alors pensez-y quand vous serez avec nous !<\/p>\n\n\n\n<h3 class=\"wp-block-heading\">2. C\u2019est vous qui r\u00e9parez et nous vous aidons.<\/h3>\n\n\n\n<p class=\"has-black-color has-text-color has-link-color wp-elements-85a97f2c5439579841dee0e1ac762027\">Nous aimons passer du temps avec vous pour vous aider \u00e0 r\u00e9parer vos objets. Nos r\u00e9parateurs vous placeront dans les meilleures conditions pour apprendre et faire vous m\u00eame !<\/p>\n\n\n\n<h3 class=\"wp-block-heading\">3. Nous ne garantissons pas les r\u00e9parations<\/h3>\n\n\n\n<p class=\"has-black-color has-text-color has-link-color wp-elements-ffacac3f68c97e0375ed760fba751092\">Nous n\u2019avons pas la possibilit\u00e9 de garantir la dur\u00e9e de vie de la r\u00e9paration que nous allons r\u00e9aliser ensemble. Mais jusqu\u2019\u00e0 pr\u00e9sent, nos r\u00e9parations ont bien tenu le choc !<\/p>\n\n\n\n<h3 class=\"wp-block-heading has-black-color has-text-color has-link-color wp-elements-912b21c9f9da6aa2cb8c35f2417ebe3b\">4. Vous repartez toujours avec votre Objet<\/h3>\n\n\n\n<p class=\"has-black-color has-text-color has-link-color wp-elements-a5e455b7745185f631396e27ef95ecac\">Il existe trois issues possibles \u00e0 la tentative de r\u00e9paration :<\/p>\n\n\n\n<p class=\"has-black-color has-text-color has-link-color wp-elements-c61bc1a138f9be6cef8cb16013a14808\">* C\u2019est un succ\u00e8s, du coup on fait une photo ensemble, tout va bien&nbsp;<\/p>\n\n\n\n<p class=\"has-black-color has-text-color has-link-color wp-elements-38503724895a0dda8f29072de0ef406d\">* Il faut continuer, acheter une pi\u00e8ce de rechange, bref, vous repartez avec votre objet et revenez \u00e0 une s\u00e9ance suivante<\/p>\n\n\n\n<p class=\"has-black-color has-text-color has-link-color wp-elements-9802c089a6be066e521944cd73dc399e\">* Nous avons \u00e9chou\u00e9 ensemble. Nous vous donnons un conseil de recyclage ou de r\u00e9emploi de l\u2019objet.<\/p>\n\n\n\n<h2 class=\"wp-block-heading\">Faut-il s\u2019inscrire avant de venir ?<\/h2>\n\n\n\n<p class=\"has-black-color has-text-color has-link-color wp-elements-52e8cf57705391aa6b7d8cbcfa24dfd3\">Non ce n\u2019est pas n\u00e9cessaire ! Nous g\u00e9rons une file d\u2019attente sur place en fonction de votre heure d\u2019arriv\u00e9e.&nbsp;<\/p>\n\n\n\n<h2 class=\"wp-block-heading\">Quels types d&rsquo;objets pouvez vous nous aidez \u00e0 r\u00e9parer ?<\/h2>\n\n\n\n<p class=\"has-black-color has-text-color has-link-color wp-elements-00fbe6855113a7dab74aee852b9e13dc\">Normalement tout ce que vous pouvez porter vous m\u00eame.<\/p>\n\n\n\n<p class=\"has-black-color has-text-color has-link-color wp-elements-4d3844347c989854fa57798157a9fa24\">Nous excluons tout ce qui est machines \u00e0 laver et lave-vaisselle. Vous pouvez apporter un \u00e9l\u00e9ment d\u2019une machine \u00e0 laver (carte de commande, par exemple) mais nous ne diagnostiquons pas les machines \u00e0 laver dans leur ensemble.&nbsp;<\/p>\n\n\n\n<p class=\"has-black-color has-text-color has-link-color wp-elements-dfeed76b25a9bcb8fcdfcb355641e764\">De m\u00eame certaines actions sont du ressort de r\u00e9parateurs professionnels. Nos r\u00e9parateurs vous avertiront avant d\u2019entamer le diagnostic des limites qu\u2019ils fixent \u00e0 leur intervention.<\/p>\n\n\n\n<h2 class=\"wp-block-heading\">Si je n\u2019habite pas \u00e0 Colomiers, je peux venir tout de m\u00eame ?<\/h2>\n\n\n\n<p class=\"has-black-color has-text-color has-link-color has-small-font-size wp-elements-e46775e8db18a2c2c3badcdd7c061bc8\">Oui, nos ateliers sont ouverts \u00e0 tous. Notre association se concentre sur le p\u00e9rim\u00e8tre Colum\u00e9rin, mais nous accueillons tout le monde. Pensez \u00e0 regarder s\u2019il n\u2019existe pas une initiative du m\u00eame ordre plus pr\u00e8s de chez vous. Consulter la page<strong><em> <a href=\"https:\/\/repaircafecolomiers.org\/?page_id=159\" data-type=\"page\" data-id=\"159\">\u00ab\u00a0Nous ne sommes pas seuls!\u00a0\u00bb<\/a><\/em><\/strong><\/p>\n\n\n\n<h2 class=\"wp-block-heading\">Si j\u2019ai plusieurs objets \u00e0 r\u00e9parer, comment cela se passe ?<\/h2>\n\n\n\n<p class=\"has-black-color has-text-color has-link-color wp-elements-05889cce6ac4499e04296c8716c87f97\">Afin de permettre \u00e0 chacun de profiter de nos services, lorsque vous avez plusieurs objets, nous vous demandons de choisir le premier (selon vos priorit\u00e9s) et de vous replacer dans la file d\u2019attente pour l\u2019objet suivant.&nbsp;<\/p>\n\n\n\n<h2 class=\"wp-block-heading\">Est ce que je dois apporter mes outils ?<\/h2>\n\n\n\n<p class=\"has-black-color has-text-color has-link-color wp-elements-9a4a5f519c6fecac623d1f69eca2f776\">Non, ce n\u2019est pas la peine. Nous avons tout ce qu\u2019il faut pour effectuer les t\u00e2ches de d\u00e9montage, diagnostic, r\u00e9paration et remontage.<\/p>\n\n\n\n<h2 class=\"wp-block-heading\">Combien co\u00fbte une r\u00e9paration ?<\/h2>\n\n\n\n<p class=\"has-black-color has-text-color has-link-color wp-elements-9315c9aff3f5b6351e0dcca5a019ef97\">Nos ateliers sont gratuits. Nous ne demandons aucune r\u00e9mun\u00e9ration en \u00e9change de notre action. Nous avons tout de m\u00eame une tirelire (dite \u00ab\u00a0le grille pain\u00a0\u00bb) qui vous permet de nous faire un don si vous le souhaitez.<\/p>\n\n\n\n<h2 class=\"wp-block-heading\">Je n\u2019ai aucune comp\u00e9tence en r\u00e9paration, comment pouvez vous m\u2019aider ?<\/h2>\n\n\n\n<p class=\"has-black-color has-text-color has-link-color wp-elements-782186212859320819a70373065de955\">Le principe de notre association est justement de vous montrer qu\u2019avant de r\u00e9parer \u00e0 proprement parler, il y a d\u2019abord un temps de d\u00e9montage et de diagnostic qui fait appel au bon sens et au travail d\u2019\u00e9quipe, que vous formerez le temps de l\u2019atelier avec un r\u00e9parateur.<\/p>\n\n\n\n<p class=\"has-black-color has-text-color has-link-color wp-elements-d11bd6e77e7b4ea0352dd9a6776f3044\">D\u00e8s lors que nous aurons identifi\u00e9 la r\u00e9paration \u00e0 r\u00e9aliser, vous serez mis \u00e0 contribution dans la mesure de vos capacit\u00e9s et de votre envie.<\/p>\n\n\n\n<h2 class=\"wp-block-heading\">J\u2019ai une machine \u00e0 laver en panne chez moi, est ce que vous vous d\u00e9placez \u00e0 domicile ?<\/h2>\n\n\n\n<p class=\"has-black-color has-text-color has-link-color wp-elements-9c1b839f8032344568ff64496c9ce1b0\">Non, nous ne nous d\u00e9pla\u00e7ons pas au domicile des particuliers. Nous ne sommes pas des professionnels de la r\u00e9paration. Il existe un r\u00e9seau de r\u00e9parateurs qui peut vous aider dans ces situations, il s\u2019agit du R\u00e9seau des R\u00e9par\u2019Acteurs d&rsquo;Occitanie : http:\/\/www.reparacteurs-occitanie.fr\/fr\/<\/p>\n","protected":false},"excerpt":{"rendered":"<p>Vous n\u2019\u00eates jamais venu au Repair Caf\u00e9 Colomiers ? Vous ne savez pas comment se d\u00e9roule une s\u00e9ance ? Faut il prendre rendez vous ? Faut il payer quelque chose &#8230;<\/p>\n","protected":false},"author":5,"featured_media":0,"parent":0,"menu_order":0,"comment_status":"closed","ping_status":"closed","template":"","meta":{"footnotes":""},"class_list":["post-12","page","type-page","status-publish","hentry"],"_links":{"self":[{"href":"https:\/\/www.repaircafecolomiers.org\/index.php?rest_route=\/wp\/v2\/pages\/12","targetHints":{"allow":["GET"]}}],"collection":[{"href":"https:\/\/www.repaircafecolomiers.org\/index.php?rest_route=\/wp\/v2\/pages"}],"about":[{"href":"https:\/\/www.repaircafecolomiers.org\/index.php?rest_route=\/wp\/v2\/types\/page"}],"author":[{"embeddable":true,"href":"https:\/\/www.repaircafecolomiers.org\/index.php?rest_route=\/wp\/v2\/users\/5"}],"replies":[{"embeddable":true,"href":"https:\/\/www.repaircafecolomiers.org\/index.php?rest_route=%2Fwp%2Fv2%2Fcomments&post=12"}],"version-history":[{"count":12,"href":"https:\/\/www.repaircafecolomiers.org\/index.php?rest_route=\/wp\/v2\/pages\/12\/revisions"}],"predecessor-version":[{"id":387,"href":"https:\/\/www.repaircafecolomiers.org\/index.php?rest_route=\/wp\/v2\/pages\/12\/revisions\/387"}],"wp:attachment":[{"href":"https:\/\/www.repaircafecolomiers.org\/index.php?rest_route=%2Fwp%2Fv2%2Fmedia&parent=12"}],"curies":[{"name":"wp","href":"https:\/\/api.w.org\/{rel}","templated":true}]}}