{"id":159,"date":"2024-05-11T12:03:28","date_gmt":"2024-05-11T10:03:28","guid":{"rendered":"https:\/\/repaircafecolomiers.org\/?page_id=159"},"modified":"2024-05-13T18:24:51","modified_gmt":"2024-05-13T16:24:51","slug":"nous-ne-sommes-pas-seuls","status":"publish","type":"page","link":"https:\/\/www.repaircafecolomiers.org\/?page_id=159","title":{"rendered":"Nous ne sommes pas seuls"},"content":{"rendered":"\n<p><\/p>\n\n\n\n<p class=\"has-black-color has-text-color has-link-color has-medium-font-size wp-elements-a5c92e65ea8f31f935997b0410de22b0\">Effectivement, nous ne sommes pas les seuls de notre esp\u00e8ce; on peut s&rsquo;en assurer en visitant le site des repair caf\u00e9 fran\u00e7ais: <strong><a href=\"https:\/\/www.repaircafe.org\/fr\/visiter\/\">ici<\/a><\/strong><\/p>\n\n\n\n<p><\/p>\n\n\n\n<p class=\"has-black-color has-text-color has-link-color has-medium-font-size wp-elements-2563d979621c68caf4ecbef6ee9eb14b\">Le repair caf\u00e9 de Colomiers a tiss\u00e9 au cours des ann\u00e9es des liens d&rsquo;amiti\u00e9 et de collaboration avec des organisations similaires de la r\u00e9gion de Toulouse. Elles offrent les m\u00eames services et conditions. Pour en savoir plus cliquez sur les liens:<\/p>\n\n\n\n<p><a href=\"https:\/\/toulouse.demosphere.net\/usercal\/817\">https:\/\/toulouse.demosphere.net\/usercal\/817<\/a><\/p>\n\n\n\n<p> <a href=\"https:\/\/cafebricol.fr\/OpenAgenda\/\">https:\/\/cafebricol.fr\/OpenAgenda\/<\/a> <\/p>\n\n\n\n<p><a href=\"https:\/\/toulouse.entransition.fr\/cafe-bricol\/\">https:\/\/toulouse.entransition.fr\/cafe-bricol\/<\/a> <\/p>\n\n\n\n<p><a href=\"https:\/\/repaircafetournefeuille.blogspot.com\/\">https:\/\/repaircafetournefeuille.blogspot.com\/<\/a>  <\/p>\n\n\n\n<p><a href=\"https:\/\/www.facebook.com\/rcblagnac\/\">https:\/\/www.facebook.com\/rcblagnac\/<\/a><\/p>\n\n\n\n<p class=\"has-black-color has-text-color has-link-color wp-elements-9ac00cf961d1ea846fe5a532228b76c6\"><\/p>\n\n\n\n<p><\/p>\n","protected":false},"excerpt":{"rendered":"<p>Effectivement, nous ne sommes pas les seuls de notre esp\u00e8ce; on peut s&rsquo;en assurer en visitant le site des repair caf\u00e9 fran\u00e7ais: ici Le repair caf\u00e9 de Colomiers a tiss\u00e9 &#8230;<\/p>\n","protected":false},"author":2,"featured_media":0,"parent":0,"menu_order":0,"comment_status":"closed","ping_status":"closed","template":"","meta":{"footnotes":""},"class_list":["post-159","page","type-page","status-publish","hentry"],"_links":{"self":[{"href":"https:\/\/www.repaircafecolomiers.org\/index.php?rest_route=\/wp\/v2\/pages\/159","targetHints":{"allow":["GET"]}}],"collection":[{"href":"https:\/\/www.repaircafecolomiers.org\/index.php?rest_route=\/wp\/v2\/pages"}],"about":[{"href":"https:\/\/www.repaircafecolomiers.org\/index.php?rest_route=\/wp\/v2\/types\/page"}],"author":[{"embeddable":true,"href":"https:\/\/www.repaircafecolomiers.org\/index.php?rest_route=\/wp\/v2\/users\/2"}],"replies":[{"embeddable":true,"href":"https:\/\/www.repaircafecolomiers.org\/index.php?rest_route=%2Fwp%2Fv2%2Fcomments&post=159"}],"version-history":[{"count":4,"href":"https:\/\/www.repaircafecolomiers.org\/index.php?rest_route=\/wp\/v2\/pages\/159\/revisions"}],"predecessor-version":[{"id":353,"href":"https:\/\/www.repaircafecolomiers.org\/index.php?rest_route=\/wp\/v2\/pages\/159\/revisions\/353"}],"wp:attachment":[{"href":"https:\/\/www.repaircafecolomiers.org\/index.php?rest_route=%2Fwp%2Fv2%2Fmedia&parent=159"}],"curies":[{"name":"wp","href":"https:\/\/api.w.org\/{rel}","templated":true}]}}