{"id":170,"date":"2024-05-11T15:05:01","date_gmt":"2024-05-11T13:05:01","guid":{"rendered":"https:\/\/repaircafecolomiers.org\/?page_id=170"},"modified":"2024-05-14T12:08:09","modified_gmt":"2024-05-14T10:08:09","slug":"competences","status":"publish","type":"page","link":"https:\/\/www.repaircafecolomiers.org\/?page_id=170","title":{"rendered":"Comp\u00e9tences"},"content":{"rendered":"\n<p class=\"has-black-color has-text-color has-link-color wp-elements-8f42082bcbee54b23994e1b15c5fc10d\">Nos b\u00e9n\u00e9voles ont des comp\u00e9tences vari\u00e9es et peuvent vous accompagner dans la r\u00e9paration de multiples objets du quotidien.<\/p>\n\n\n\n<p class=\"has-black-color has-text-color has-link-color has-small-font-size wp-elements-4d44aa5dc1d6e254a6aa13c041b0c145\"><strong>ATTENTION: <\/strong>Au Repair Caf\u00e9 Colomiers nous n&rsquo;avons pas de pi\u00e8ces de rechange. Il vous faut vous la procurer \u00e0 l&rsquo;avance si vous voulez que l&rsquo;on vous aide \u00e0 la monter. Si vous ne savez pas identifier la bonne pi\u00e8ce de rechange, nous pouvons vous assister dans la recherche de celle ci.<\/p>\n\n\n\n<p class=\"has-black-color has-text-color has-link-color wp-elements-9ac00cf961d1ea846fe5a532228b76c6\"><\/p>\n\n\n\n<figure class=\"wp-block-table aligncenter is-style-stripes\"><table class=\"has-black-color has-text-color has-link-color has-fixed-layout\"><tbody><tr><td><strong>COUTURE<\/strong><\/td><td><strong>V\u00c9LO<\/strong><\/td><td><strong>JOUETS<\/strong><\/td><\/tr><tr><td>Retouches de v\u00eatements, reprise, rapi\u00e9\u00e7age<\/td><td>R\u00e9glage des vitesses, R\u00e9glage freins, Remplacement de pi\u00e8ces (vous devez les acheter au pr\u00e9alable)<\/td><td>Tous types de jouets.<\/td><\/tr><tr><td><strong>T\u00c9L\u00c9PHONES &amp; TABLETTES<\/strong><\/td><td><strong>ORDINATEURS &amp; IMPRIMANTES<\/strong><\/td><td><strong>APPAREILS \u00c9LECTRIQUES<\/strong><\/td><\/tr><tr><td>R\u00e9glages, Probl\u00e8mes logiciels sur Iphone et Android, Remplacement de pi\u00e8ces d\u00e9tach\u00e9es (vous devez les acheter au pr\u00e9alable)<\/td><td>Probl\u00e8mes mat\u00e9riels, R\u00e9installation de syst\u00e8me d&rsquo;exploitation, changement de pi\u00e8ce d\u00e9tach\u00e9e (acheter \u00e0 l&rsquo;avance)<\/td><td>Aspirateurs, Blenders, machines \u00e0 caf\u00e9, t\u00e9l\u00e9visions, lecteurs de CD\u2026<\/td><\/tr><\/tbody><\/table><\/figure>\n","protected":false},"excerpt":{"rendered":"<p>Nos b\u00e9n\u00e9voles ont des comp\u00e9tences vari\u00e9es et peuvent vous accompagner dans la r\u00e9paration de multiples objets du quotidien. ATTENTION: Au Repair Caf\u00e9 Colomiers nous n&rsquo;avons pas de pi\u00e8ces de rechange. &#8230;<\/p>\n","protected":false},"author":2,"featured_media":0,"parent":0,"menu_order":0,"comment_status":"closed","ping_status":"closed","template":"","meta":{"footnotes":""},"class_list":["post-170","page","type-page","status-publish","hentry"],"_links":{"self":[{"href":"https:\/\/www.repaircafecolomiers.org\/index.php?rest_route=\/wp\/v2\/pages\/170","targetHints":{"allow":["GET"]}}],"collection":[{"href":"https:\/\/www.repaircafecolomiers.org\/index.php?rest_route=\/wp\/v2\/pages"}],"about":[{"href":"https:\/\/www.repaircafecolomiers.org\/index.php?rest_route=\/wp\/v2\/types\/page"}],"author":[{"embeddable":true,"href":"https:\/\/www.repaircafecolomiers.org\/index.php?rest_route=\/wp\/v2\/users\/2"}],"replies":[{"embeddable":true,"href":"https:\/\/www.repaircafecolomiers.org\/index.php?rest_route=%2Fwp%2Fv2%2Fcomments&post=170"}],"version-history":[{"count":6,"href":"https:\/\/www.repaircafecolomiers.org\/index.php?rest_route=\/wp\/v2\/pages\/170\/revisions"}],"predecessor-version":[{"id":346,"href":"https:\/\/www.repaircafecolomiers.org\/index.php?rest_route=\/wp\/v2\/pages\/170\/revisions\/346"}],"wp:attachment":[{"href":"https:\/\/www.repaircafecolomiers.org\/index.php?rest_route=%2Fwp%2Fv2%2Fmedia&parent=170"}],"curies":[{"name":"wp","href":"https:\/\/api.w.org\/{rel}","templated":true}]}}