{"id":183,"date":"2024-05-11T15:47:46","date_gmt":"2024-05-11T13:47:46","guid":{"rendered":"https:\/\/repaircafecolomiers.org\/?page_id=183"},"modified":"2024-05-18T11:09:05","modified_gmt":"2024-05-18T09:09:05","slug":"devenir-benevole","status":"publish","type":"page","link":"https:\/\/www.repaircafecolomiers.org\/?page_id=183","title":{"rendered":"Devenir b\u00e9n\u00e9vole"},"content":{"rendered":"\n<p class=\"has-black-color has-text-color has-link-color has-medium-font-size wp-elements-3ddcea9d1624fbb7fceda8ca5d980f09\">Vous souhaitez rejoindre l\u2019\u00e9quipe des b\u00e9n\u00e9voles&nbsp; du Repair Caf\u00e9 Colomiers ?<\/p>\n\n\n\n<figure class=\"wp-block-image size-full\"><img loading=\"lazy\" decoding=\"async\" width=\"998\" height=\"468\" src=\"https:\/\/repaircafecolomiers.org\/wp-content\/uploads\/2024\/05\/La-naspe.jpg\" alt=\"\" class=\"wp-image-185\" srcset=\"https:\/\/www.repaircafecolomiers.org\/wp-content\/uploads\/2024\/05\/La-naspe.jpg 998w, https:\/\/www.repaircafecolomiers.org\/wp-content\/uploads\/2024\/05\/La-naspe-300x141.jpg 300w, https:\/\/www.repaircafecolomiers.org\/wp-content\/uploads\/2024\/05\/La-naspe-768x360.jpg 768w\" sizes=\"auto, (max-width: 998px) 100vw, 998px\" \/><\/figure>\n\n\n\n<p class=\"has-black-color has-text-color has-link-color wp-elements-4a8776c6e4d2cf0600f235caefcfc68a\">Il n\u2019est pas n\u00e9cessaire d\u2019\u00eatre un sp\u00e9cialiste d\u2019une discipline, l\u2019envie d\u2019aider nos visiteurs suffit amplement \u00e0 se lancer dans l\u2019aventure du Repair Caf\u00e9.\u00a0Nous avons aussi besoin d&rsquo;aide pour recevoir et guider nos visiteurs, assurer les quelques t\u00e2ches administratives, etc&#8230;..<\/p>\n\n\n\n<p class=\"has-black-color has-text-color has-link-color wp-elements-9a02e0e625c7694ecba64c9af66592af\">Venez nous rencontrer lors de nos s\u00e9ances dans les Maisons Citoyennes de Colomiers pour vous rendre compte par vous m\u00eame de l\u2019ambiance et de tout ce que nous proposons.<\/p>\n\n\n\n<p class=\"has-black-color has-text-color has-link-color wp-elements-ff266050ca0197d3548de330c13272ec\">Si vous \u00eates pr\u00eats \u00e0 sauter le pas et enfiler le T-shirt bleu, devenez b\u00e9n\u00e9vole en cliquant vous sur le lien ci-dessous. Le Repair Caf\u00e9 Colomiers dit le \u00ab\u00a0RCC\u00a0\u00bb ne vous demandera pas de cotisation payante. Il vous sera juste demand\u00e9 d&rsquo;acqu\u00e9rir notre T-shirt bleu pour la modique somme de 12 \u20ac, \u00e0 acheter lors de votre premi\u00e8re s\u00e9ance directement aupr\u00e8s des r\u00e9ceptionnistes de la s\u00e9ance :<\/p>\n\n\n\n<div class=\"wp-block-buttons is-content-justification-center is-layout-flex wp-container-core-buttons-is-layout-16018d1d wp-block-buttons-is-layout-flex\">\n<div class=\"wp-block-button\"><a class=\"wp-block-button__link wp-element-button\" href=\"https:\/\/www.helloasso.com\/associations\/repair-cafe-colomiers\" target=\"_blank\" rel=\"noreferrer noopener\">HELLOASSO<\/a><\/div>\n<\/div>\n\n\n\n<div class=\"wp-block-buttons is-layout-flex wp-block-buttons-is-layout-flex\"><\/div>\n","protected":false},"excerpt":{"rendered":"<p>Vous souhaitez rejoindre l\u2019\u00e9quipe des b\u00e9n\u00e9voles&nbsp; du Repair Caf\u00e9 Colomiers ? Il n\u2019est pas n\u00e9cessaire d\u2019\u00eatre un sp\u00e9cialiste d\u2019une discipline, l\u2019envie d\u2019aider nos visiteurs suffit amplement \u00e0 se lancer dans &#8230;<\/p>\n","protected":false},"author":2,"featured_media":0,"parent":0,"menu_order":0,"comment_status":"closed","ping_status":"closed","template":"","meta":{"footnotes":""},"class_list":["post-183","page","type-page","status-publish","hentry"],"_links":{"self":[{"href":"https:\/\/www.repaircafecolomiers.org\/index.php?rest_route=\/wp\/v2\/pages\/183","targetHints":{"allow":["GET"]}}],"collection":[{"href":"https:\/\/www.repaircafecolomiers.org\/index.php?rest_route=\/wp\/v2\/pages"}],"about":[{"href":"https:\/\/www.repaircafecolomiers.org\/index.php?rest_route=\/wp\/v2\/types\/page"}],"author":[{"embeddable":true,"href":"https:\/\/www.repaircafecolomiers.org\/index.php?rest_route=\/wp\/v2\/users\/2"}],"replies":[{"embeddable":true,"href":"https:\/\/www.repaircafecolomiers.org\/index.php?rest_route=%2Fwp%2Fv2%2Fcomments&post=183"}],"version-history":[{"count":7,"href":"https:\/\/www.repaircafecolomiers.org\/index.php?rest_route=\/wp\/v2\/pages\/183\/revisions"}],"predecessor-version":[{"id":393,"href":"https:\/\/www.repaircafecolomiers.org\/index.php?rest_route=\/wp\/v2\/pages\/183\/revisions\/393"}],"wp:attachment":[{"href":"https:\/\/www.repaircafecolomiers.org\/index.php?rest_route=%2Fwp%2Fv2%2Fmedia&parent=183"}],"curies":[{"name":"wp","href":"https:\/\/api.w.org\/{rel}","templated":true}]}}