{"id":2,"date":"2023-12-18T19:22:21","date_gmt":"2023-12-18T18:22:21","guid":{"rendered":"http:\/\/www.repaircafecolomiers.org\/?page_id=2"},"modified":"2025-08-28T21:58:57","modified_gmt":"2025-08-28T19:58:57","slug":"page-d-exemple","status":"publish","type":"page","link":"https:\/\/www.repaircafecolomiers.org\/","title":{"rendered":"BIENVENUE CHEZ NOUS!"},"content":{"rendered":"\n<p class=\"has-black-color has-white-background-color has-text-color has-background has-link-color has-large-font-size wp-elements-fb691738417b21ab1d5eb26119409157\">Jeter, pas question ! R\u00e9parons ensemble les objets du quotidien !<\/p>\n\n\n\n<p class=\"has-black-color has-text-color has-link-color has-medium-font-size wp-elements-5096069c55b8abe3cdc11b191f0516e8\">Bienvenue sur le site du Repair Caf\u00e9 de Colomiers ! <\/p>\n\n\n\n<p class=\"has-black-color has-text-color has-link-color has-medium-font-size wp-elements-921946421418e279be268243d36916d7\">Le Repair Caf\u00e9 Colomiers propose des ateliers b\u00e9n\u00e9voles d&rsquo;aide \u00e0 la r\u00e9paration ouverts \u00e0 toutes et tous. Nos ateliers itin\u00e9rants se d\u00e9roulent dans un lieu diff\u00e9rent de la ville de Colomiers (maison citoyennes, tiers lieux, m\u00e9diath\u00e8que ou d\u00e9chetterie).<\/p>\n\n\n\n<p class=\"has-black-color has-text-color has-link-color has-medium-font-size wp-elements-5a9ea01651cd52134b45c968dbd5652b\">L&rsquo;\u00e9quipe de b\u00e9n\u00e9voles du Repair Caf\u00e9 vous accueille dans une ambiance conviviale pour vous aider \u00e0 r\u00e9parer vos objets. <\/p>\n\n\n\n<figure class=\"wp-block-image size-large\"><img loading=\"lazy\" decoding=\"async\" width=\"1024\" height=\"682\" src=\"https:\/\/www.repaircafecolomiers.org\/wp-content\/uploads\/2024\/09\/IMG-20240907-WA0008-1024x682.jpg\" alt=\"\" class=\"wp-image-509\" srcset=\"https:\/\/www.repaircafecolomiers.org\/wp-content\/uploads\/2024\/09\/IMG-20240907-WA0008-1024x682.jpg 1024w, https:\/\/www.repaircafecolomiers.org\/wp-content\/uploads\/2024\/09\/IMG-20240907-WA0008-300x200.jpg 300w, https:\/\/www.repaircafecolomiers.org\/wp-content\/uploads\/2024\/09\/IMG-20240907-WA0008-768x512.jpg 768w, https:\/\/www.repaircafecolomiers.org\/wp-content\/uploads\/2024\/09\/IMG-20240907-WA0008.jpg 1382w\" sizes=\"auto, (max-width: 1024px) 100vw, 1024px\" \/><figcaption class=\"wp-element-caption\">Au repair caf\u00e9, c&rsquo;est ovus qui r\u00e9p\u00e9rez et nous vous aidons.<\/figcaption><\/figure>\n\n\n\n<p class=\"has-black-color has-text-color has-link-color has-medium-font-size wp-elements-3447206cecb55053dceaf95d323eb0ef\">Profitez aussi de votre visite pour explorer notre site et faire plus ample connaissance avec notre association. Vous pourrez d\u00e9couvrir ce que nous faisons dans le d\u00e9tail mais \u00e9galement nous rejoindre dans l\u2019action.<\/p>\n\n\n\n<p><\/p>\n\n\n\n<p><\/p>\n","protected":false},"excerpt":{"rendered":"<p>Jeter, pas question ! R\u00e9parons ensemble les objets du quotidien ! Bienvenue sur le site du Repair Caf\u00e9 de Colomiers ! Le Repair Caf\u00e9 Colomiers propose des ateliers b\u00e9n\u00e9voles d&rsquo;aide &#8230;<\/p>\n","protected":false},"author":2,"featured_media":0,"parent":0,"menu_order":0,"comment_status":"closed","ping_status":"closed","template":"","meta":{"footnotes":""},"class_list":["post-2","page","type-page","status-publish","hentry"],"_links":{"self":[{"href":"https:\/\/www.repaircafecolomiers.org\/index.php?rest_route=\/wp\/v2\/pages\/2","targetHints":{"allow":["GET"]}}],"collection":[{"href":"https:\/\/www.repaircafecolomiers.org\/index.php?rest_route=\/wp\/v2\/pages"}],"about":[{"href":"https:\/\/www.repaircafecolomiers.org\/index.php?rest_route=\/wp\/v2\/types\/page"}],"author":[{"embeddable":true,"href":"https:\/\/www.repaircafecolomiers.org\/index.php?rest_route=\/wp\/v2\/users\/2"}],"replies":[{"embeddable":true,"href":"https:\/\/www.repaircafecolomiers.org\/index.php?rest_route=%2Fwp%2Fv2%2Fcomments&post=2"}],"version-history":[{"count":9,"href":"https:\/\/www.repaircafecolomiers.org\/index.php?rest_route=\/wp\/v2\/pages\/2\/revisions"}],"predecessor-version":[{"id":826,"href":"https:\/\/www.repaircafecolomiers.org\/index.php?rest_route=\/wp\/v2\/pages\/2\/revisions\/826"}],"wp:attachment":[{"href":"https:\/\/www.repaircafecolomiers.org\/index.php?rest_route=%2Fwp%2Fv2%2Fmedia&parent=2"}],"curies":[{"name":"wp","href":"https:\/\/api.w.org\/{rel}","templated":true}]}}