{"id":91,"date":"2024-05-14T16:21:36","date_gmt":"2024-05-14T14:21:36","guid":{"rendered":"https:\/\/repaircafecolomiers.org\/?page_id=91"},"modified":"2026-02-17T21:27:19","modified_gmt":"2026-02-17T20:27:19","slug":"organisation","status":"publish","type":"page","link":"https:\/\/www.repaircafecolomiers.org\/?page_id=91","title":{"rendered":"Organisation"},"content":{"rendered":"\n<div class=\"wp-block-columns is-layout-flex wp-container-core-columns-is-layout-9d6595d7 wp-block-columns-is-layout-flex\">\n<div class=\"wp-block-column is-layout-flow wp-block-column-is-layout-flow\" style=\"flex-basis:66.66%\">\n<h2 class=\"wp-block-heading\">Nos statuts<\/h2>\n\n\n\n<p class=\"has-black-color has-text-color has-link-color wp-elements-8d24ce9cfcf0ce8ad5f7ba3fc72c548f\">Le RCC est une association de type \u00ab\u00a0loi 1901\u00a0\u00bb \u00e0 but non lucratif. <\/p>\n\n\n\n<p>Fond\u00e9e le 09 mars 2017 \u00e0 Colomiers, ses statuts sont de fait publics et d\u00e9pos\u00e9s \u00e0 la pr\u00e9fecture de Haute-Garonne. les statuts sont consultables et t\u00e9l\u00e9chargeables dans la section documents.<\/p>\n\n\n\n<h2 class=\"wp-block-heading\">Les adh\u00e9rents<\/h2>\n\n\n\n<p class=\"has-black-color has-text-color has-link-color wp-elements-afae0e04c2680f54e3c71482b21705c3\">Les adh\u00e9rents de l\u2019association Repair Caf\u00e9 Colomiers sont les r\u00e9parateurs b\u00e9n\u00e9voles. <\/p>\n\n\n\n<p class=\"has-black-color has-text-color has-link-color wp-elements-15b9dd34b5d35a05431688c8518e993a\">Le conseil d&rsquo;administration a fix\u00e9 le montant de la cotisation \u00e0 z\u00e9ro Euros. <\/p>\n\n\n\n<p class=\"has-black-color has-text-color has-link-color wp-elements-728c83237d39d0c1c93f142fc35a2757\">L&rsquo;adh\u00e9sion est \u00e0 renouveler par ann\u00e9e civile. <\/p>\n\n\n\n<p class=\"has-black-color has-text-color has-link-color wp-elements-da759815e860786d768d5a14d0cb9cae\">L&rsquo;adh\u00e9sion \u00e0 l&rsquo;association Repair Caf\u00e9 Colomiers permet \u00e0 nos adh\u00e9rents de b\u00e9n\u00e9ficier de la couverture par notre assurance lors des ateliers d\u2019aides \u00e0 la r\u00e9paration.<\/p>\n\n\n\n<p>Si vous souhaitez adh\u00e9rer au Repair Caf\u00e9 Colomiers, nous vous invitons \u00e0 venir \u00e0 notre rencontre lors d&rsquo;une s\u00e9ance, ce qui nous permettra d&rsquo;\u00e9changer sur vos motivations.<\/p>\n\n\n\n<h2 class=\"wp-block-heading\">les assembl\u00e9es g\u00e9n\u00e9rales<\/h2>\n\n\n\n<p>L&rsquo;assembl\u00e9e g\u00e9n\u00e9rale se r\u00e9unit une fois par an.<\/p>\n\n\n\n<h2 class=\"wp-block-heading\">Le bureau<\/h2>\n\n\n\n<p>Le bureau est \u00e9lu par le conseil d&rsquo;administration pour un mandat d&rsquo;un an. Il se compose des r\u00f4les suivants :<\/p>\n\n\n\n<ul class=\"wp-block-list\">\n<li>Pr\u00e9sident et\/ou Vice-Pr\u00e9sident<\/li>\n\n\n\n<li>Tr\u00e9sorier et\/ou Vice-Tr\u00e9sorier<\/li>\n\n\n\n<li>Secr\u00e9taire et\/ou Vice-Secr\u00e9taire<\/li>\n<\/ul>\n\n\n\n<figure class=\"wp-block-image size-full\"><img loading=\"lazy\" decoding=\"async\" width=\"888\" height=\"716\" src=\"https:\/\/www.repaircafecolomiers.org\/wp-content\/uploads\/2026\/02\/image-2.png\" alt=\"\" class=\"wp-image-1026\" srcset=\"https:\/\/www.repaircafecolomiers.org\/wp-content\/uploads\/2026\/02\/image-2.png 888w, https:\/\/www.repaircafecolomiers.org\/wp-content\/uploads\/2026\/02\/image-2-300x242.png 300w, https:\/\/www.repaircafecolomiers.org\/wp-content\/uploads\/2026\/02\/image-2-768x619.png 768w\" sizes=\"auto, (max-width: 888px) 100vw, 888px\" \/><\/figure>\n\n\n\n<h2 class=\"wp-block-heading\">Le conseil d&rsquo;administration<\/h2>\n\n\n\n<p>D\u00e9fini dans nos statuts, le conseil d&rsquo;administration du Repair Caf\u00e9 Colomiers est compos\u00e9 de 14 si\u00e8ges. <\/p>\n\n\n\n<p>Sont membres du conseil d&rsquo;administration, les membres fondateurs et les membres \u00e9lus. <\/p>\n\n\n\n<h3 class=\"wp-block-heading\">Membres fondateurs<\/h3>\n\n\n\n<p>Les membres fondateurs sont membres \u00e0 vie du conseil d&rsquo;administration.<\/p>\n\n\n\n<figure class=\"wp-block-image size-full\"><img loading=\"lazy\" decoding=\"async\" width=\"823\" height=\"694\" src=\"https:\/\/www.repaircafecolomiers.org\/wp-content\/uploads\/2026\/02\/image.png\" alt=\"\" class=\"wp-image-1024\" srcset=\"https:\/\/www.repaircafecolomiers.org\/wp-content\/uploads\/2026\/02\/image.png 823w, https:\/\/www.repaircafecolomiers.org\/wp-content\/uploads\/2026\/02\/image-300x253.png 300w, https:\/\/www.repaircafecolomiers.org\/wp-content\/uploads\/2026\/02\/image-768x648.png 768w\" sizes=\"auto, (max-width: 823px) 100vw, 823px\" \/><\/figure>\n\n\n\n<h3 class=\"wp-block-heading\">Membres \u00e9lus<\/h3>\n\n\n\n<p>Les membres \u00e9lus, sont \u00e9lus lors de l&rsquo;assembl\u00e9e g\u00e9n\u00e9rale, pour un mandat de 2 ans.<\/p>\n\n\n\n<figure class=\"wp-block-image size-large\"><img loading=\"lazy\" decoding=\"async\" width=\"1024\" height=\"723\" src=\"https:\/\/www.repaircafecolomiers.org\/wp-content\/uploads\/2026\/02\/image-1-1024x723.png\" alt=\"\" class=\"wp-image-1025\" srcset=\"https:\/\/www.repaircafecolomiers.org\/wp-content\/uploads\/2026\/02\/image-1-1024x723.png 1024w, https:\/\/www.repaircafecolomiers.org\/wp-content\/uploads\/2026\/02\/image-1-300x212.png 300w, https:\/\/www.repaircafecolomiers.org\/wp-content\/uploads\/2026\/02\/image-1-768x542.png 768w, https:\/\/www.repaircafecolomiers.org\/wp-content\/uploads\/2026\/02\/image-1.png 1042w\" sizes=\"auto, (max-width: 1024px) 100vw, 1024px\" \/><\/figure>\n<\/div>\n\n\n\n<div class=\"wp-block-column is-layout-flow wp-block-column-is-layout-flow\" style=\"flex-basis:33.33%\">\n<h3 class=\"wp-block-heading\">Documents<\/h3>\n\n\n\n<ul class=\"wp-block-list\">\n<li>Statuts de l&rsquo;association (24 janvier 2026)<\/li>\n\n\n\n<li><a href=\"https:\/\/cloud.le-pic.org\/s\/PEm7CAskjSX9JJp\" data-type=\"link\" data-id=\"https:\/\/cloud.le-pic.org\/s\/PEm7CAskjSX9JJp\" target=\"_blank\" rel=\"noreferrer noopener\">Statuts de l&rsquo;association (15 janvier 2023)<\/a><\/li>\n<\/ul>\n\n\n\n<h3 class=\"wp-block-heading\"><strong>Proc\u00e8s verbaux d&rsquo;assembl\u00e9e g\u00e9n\u00e9rale<\/strong><\/h3>\n\n\n\n<p>Assembl\u00e9e g\u00e9n\u00e9rale extraordinaire 2026<\/p>\n\n\n\n<p>Assembl\u00e9e g\u00e9n\u00e9rale ordinaire 2026<\/p>\n\n\n\n<p><a href=\"https:\/\/cloud.le-pic.org\/s\/P2oMLqsMM3HSFMD\" data-type=\"link\" data-id=\"https:\/\/cloud.le-pic.org\/s\/P2oMLqsMM3HSFMD\" target=\"_blank\" rel=\"noreferrer noopener\">Assembl\u00e9e g\u00e9n\u00e9rale 2025<\/a><\/p>\n\n\n\n<p id=\"block-f58e0d4b-336b-4ae7-b7e4-f049751b9d42\"><a href=\"https:\/\/cloud.le-pic.org\/s\/YZZGnq5HgRiEd5r\" data-type=\"link\" data-id=\"https:\/\/cloud.le-pic.org\/s\/YZZGnq5HgRiEd5r\" target=\"_blank\" rel=\"noreferrer noopener\">Assembl\u00e9e g\u00e9n\u00e9rale 2024<\/a><\/p>\n\n\n\n<p id=\"block-f58e0d4b-336b-4ae7-b7e4-f049751b9d42\"><a href=\"https:\/\/cloud.le-pic.org\/s\/krtWj3N3WpPALSH\" data-type=\"link\" data-id=\"https:\/\/cloud.le-pic.org\/s\/krtWj3N3WpPALSH\" target=\"_blank\" rel=\"noreferrer noopener\">Assembl\u00e9e g\u00e9n\u00e9rale ordinaire 2023<\/a><\/p>\n\n\n\n<p><a href=\"https:\/\/cloud.le-pic.org\/s\/bdJZ33fzTjFppXL\" data-type=\"link\" data-id=\"https:\/\/cloud.le-pic.org\/s\/bdJZ33fzTjFppXL\" target=\"_blank\" rel=\"noreferrer noopener\">Assembl\u00e9e g\u00e9n\u00e9rale extraordinaire 2023<\/a><\/p>\n\n\n\n<p id=\"block-f58e0d4b-336b-4ae7-b7e4-f049751b9d42\"><a href=\"https:\/\/cloud.le-pic.org\/s\/x7dYCK7t4bjAxtc\" data-type=\"link\" data-id=\"https:\/\/cloud.le-pic.org\/s\/x7dYCK7t4bjAxtc\" target=\"_blank\" rel=\"noreferrer noopener\">Assembl\u00e9e g\u00e9n\u00e9rale ordinaire 2022<\/a><\/p>\n\n\n\n<p><a href=\"https:\/\/cloud.le-pic.org\/s\/teXYqDNxHbpPWBY\" data-type=\"link\" data-id=\"https:\/\/cloud.le-pic.org\/s\/teXYqDNxHbpPWBY\" target=\"_blank\" rel=\"noreferrer noopener\">Assembl\u00e9e g\u00e9n\u00e9rale extraordinaire 2022<\/a><\/p>\n\n\n\n<p id=\"block-f58e0d4b-336b-4ae7-b7e4-f049751b9d42\"><a href=\"https:\/\/cloud.le-pic.org\/s\/EqfqrktEZyTXPwT\" data-type=\"link\" data-id=\"https:\/\/cloud.le-pic.org\/s\/EqfqrktEZyTXPwT\" target=\"_blank\" rel=\"noreferrer noopener\">Assembl\u00e9e g\u00e9n\u00e9rale 2021<\/a><\/p>\n\n\n\n<p id=\"block-f58e0d4b-336b-4ae7-b7e4-f049751b9d42\"><a href=\"https:\/\/cloud.le-pic.org\/s\/tsM36NbLN8NpBbN\" data-type=\"link\" data-id=\"https:\/\/cloud.le-pic.org\/s\/tsM36NbLN8NpBbN\" target=\"_blank\" rel=\"noreferrer noopener\">Assembl\u00e9e g\u00e9n\u00e9rale 2020<\/a><\/p>\n\n\n\n<p id=\"block-f58e0d4b-336b-4ae7-b7e4-f049751b9d42\"><a href=\"https:\/\/cloud.le-pic.org\/s\/dLe2dbnyXHpffeJ\" data-type=\"link\" data-id=\"https:\/\/cloud.le-pic.org\/s\/dLe2dbnyXHpffeJ\" target=\"_blank\" rel=\"noreferrer noopener\">Assembl\u00e9e g\u00e9n\u00e9rale 2019<\/a><\/p>\n\n\n\n<p id=\"block-f58e0d4b-336b-4ae7-b7e4-f049751b9d42\"><a href=\"https:\/\/cloud.le-pic.org\/s\/KecDqJzPSYpBtSc\" data-type=\"link\" data-id=\"https:\/\/cloud.le-pic.org\/s\/KecDqJzPSYpBtSc\" target=\"_blank\" rel=\"noreferrer noopener\">Assembl\u00e9e g\u00e9n\u00e9rale 2018<\/a><\/p>\n\n\n\n<p id=\"block-f58e0d4b-336b-4ae7-b7e4-f049751b9d42\"><a href=\"https:\/\/cloud.le-pic.org\/s\/YqMHNKoJxtL4j4N\" data-type=\"link\" data-id=\"https:\/\/cloud.le-pic.org\/s\/YqMHNKoJxtL4j4N\" target=\"_blank\" rel=\"noreferrer noopener\">Assembl\u00e9e g\u00e9n\u00e9rale 2017<\/a><\/p>\n\n\n\n<h3 class=\"wp-block-heading\">Conseils d&rsquo;administration<\/h3>\n\n\n\n<p>2026<\/p>\n\n\n\n<ul class=\"wp-block-list\">\n<li>R\u00e9union CA du 11 f\u00e9vrier 2026<\/li>\n<\/ul>\n\n\n\n<p>2025<\/p>\n\n\n\n<ul class=\"wp-block-list\">\n<li>R\u00e9union CA 19 novembre 2025<\/li>\n<\/ul>\n\n\n\n<ul class=\"wp-block-list\">\n<li><a href=\"https:\/\/cloud.le-pic.org\/s\/DFy2xfKz3As4c3j\" data-type=\"link\" data-id=\"https:\/\/cloud.le-pic.org\/s\/DFy2xfKz3As4c3j\" target=\"_blank\" rel=\"noreferrer noopener\">R\u00e9union CA 19 f\u00e9vrier 2025<\/a><\/li>\n\n\n\n<li><a href=\"https:\/\/cloud.le-pic.org\/s\/6DSZFwPnmEEc5fR\" data-type=\"link\" data-id=\"https:\/\/cloud.le-pic.org\/s\/6DSZFwPnmEEc5fR\" target=\"_blank\" rel=\"noreferrer noopener\">R\u00e9union CA 08 janvier 2025<\/a><\/li>\n<\/ul>\n\n\n\n<p>2024<\/p>\n\n\n\n<ul class=\"wp-block-list\">\n<li><a href=\"https:\/\/cloud.le-pic.org\/s\/bi7RCJWaXMH4rGA\" data-type=\"link\" data-id=\"https:\/\/cloud.le-pic.org\/s\/bi7RCJWaXMH4rGA\" target=\"_blank\" rel=\"noreferrer noopener\">R\u00e9union CA 26 juin 2024<\/a><\/li>\n\n\n\n<li><a href=\"https:\/\/cloud.le-pic.org\/s\/rdQxMTwiynNgoMx\" data-type=\"link\" data-id=\"https:\/\/cloud.le-pic.org\/s\/rdQxMTwiynNgoMx\" target=\"_blank\" rel=\"noreferrer noopener\">R\u00e9union CA 18 mars 2024<\/a><\/li>\n\n\n\n<li><a href=\"https:\/\/cloud.le-pic.org\/s\/6g9W7SRtM8csB7r\" data-type=\"link\" data-id=\"https:\/\/cloud.le-pic.org\/s\/6g9W7SRtM8csB7r\" target=\"_blank\" rel=\"noreferrer noopener\">R\u00e9union CA 19 f\u00e9vrier 2024<\/a><\/li>\n\n\n\n<li><a href=\"https:\/\/cloud.le-pic.org\/s\/8HrgF5j4xxAwigB\" data-type=\"link\" data-id=\"https:\/\/cloud.le-pic.org\/s\/8HrgF5j4xxAwigB\" target=\"_blank\" rel=\"noreferrer noopener\">R\u00e9union CA 15 janvier 2024<\/a><\/li>\n<\/ul>\n\n\n\n<p>2023<\/p>\n\n\n\n<ul class=\"wp-block-list\">\n<li><a href=\"https:\/\/cloud.le-pic.org\/s\/9Yjaa83JGNQrfYm\" data-type=\"link\" data-id=\"https:\/\/cloud.le-pic.org\/s\/9Yjaa83JGNQrfYm\" target=\"_blank\" rel=\"noreferrer noopener\">R\u00e9union CA 18 d\u00e9cembre 2023<\/a><\/li>\n<\/ul>\n\n\n\n<ul class=\"wp-block-list\">\n<li><a href=\"https:\/\/cloud.le-pic.org\/s\/sDtKnrXLTTZ7DbA\" data-type=\"link\" data-id=\"https:\/\/cloud.le-pic.org\/s\/sDtKnrXLTTZ7DbA\" target=\"_blank\" rel=\"noreferrer noopener\">R\u00e9union CA 24 mai 2023<\/a><\/li>\n<\/ul>\n\n\n\n<ul class=\"wp-block-list\">\n<li><a href=\"https:\/\/cloud.le-pic.org\/s\/SHsjEdsnrKPgATW\" data-type=\"link\" data-id=\"https:\/\/cloud.le-pic.org\/s\/SHsjEdsnrKPgATW\" target=\"_blank\" rel=\"noreferrer noopener\">R\u00e9union CA 15 f\u00e9vrier 2023<\/a><\/li>\n<\/ul>\n\n\n\n<p>2022<\/p>\n\n\n\n<ul class=\"wp-block-list\">\n<li><a href=\"https:\/\/cloud.le-pic.org\/s\/WSBz5rpPWKzqZDZ\" data-type=\"link\" data-id=\"https:\/\/cloud.le-pic.org\/s\/WSBz5rpPWKzqZDZ\" target=\"_blank\" rel=\"noreferrer noopener\">R\u00e9union CA 21 novembre 2022<\/a><\/li>\n\n\n\n<li><a href=\"https:\/\/cloud.le-pic.org\/s\/oijstooX5SwSfmA\" data-type=\"link\" data-id=\"https:\/\/cloud.le-pic.org\/s\/oijstooX5SwSfmA\" target=\"_blank\" rel=\"noreferrer noopener\">R\u00e9union CA 15 mai 2022<\/a><\/li>\n\n\n\n<li><a href=\"https:\/\/cloud.le-pic.org\/s\/Njtf5DwWHsRr9ZR\" data-type=\"link\" data-id=\"https:\/\/cloud.le-pic.org\/s\/Njtf5DwWHsRr9ZR\" target=\"_blank\" rel=\"noreferrer noopener\">R\u00e9union CA 31 janvier 2022<\/a><\/li>\n<\/ul>\n\n\n\n<p>2021<\/p>\n\n\n\n<ul class=\"wp-block-list\">\n<li><a href=\"https:\/\/cloud.le-pic.org\/s\/nTn6acn2Z4jWNmS\" data-type=\"link\" data-id=\"https:\/\/cloud.le-pic.org\/s\/nTn6acn2Z4jWNmS\" target=\"_blank\" rel=\"noreferrer noopener\">R\u00e9union CA 19 d\u00e9cembre 2021<\/a><\/li>\n<\/ul>\n\n\n\n<p>2020<\/p>\n\n\n\n<ul class=\"wp-block-list\">\n<li><a href=\"https:\/\/cloud.le-pic.org\/s\/mHH6grzzeW5MSWq\" data-type=\"link\" data-id=\"https:\/\/cloud.le-pic.org\/s\/mHH6grzzeW5MSWq\" target=\"_blank\" rel=\"noreferrer noopener\">R\u00e9union CA 01 juin 2020<\/a><\/li>\n\n\n\n<li><a href=\"https:\/\/cloud.le-pic.org\/s\/DJnxJaHSiWZE5m4\" data-type=\"link\" data-id=\"https:\/\/cloud.le-pic.org\/s\/DJnxJaHSiWZE5m4\" target=\"_blank\" rel=\"noreferrer noopener\">R\u00e9union CA 23 mars 2020<\/a><\/li>\n\n\n\n<li>R\u00e9union CA 06 janvier 2020<\/li>\n<\/ul>\n\n\n\n<p>2019<\/p>\n\n\n\n<ul class=\"wp-block-list\">\n<li><a href=\"https:\/\/cloud.le-pic.org\/s\/mPQDKsaxTaFN2Ft\" data-type=\"link\" data-id=\"https:\/\/cloud.le-pic.org\/s\/mPQDKsaxTaFN2Ft\" target=\"_blank\" rel=\"noreferrer noopener\">R\u00e9union CA 14 mai 2019<\/a><\/li>\n<\/ul>\n\n\n\n<p>2018<\/p>\n\n\n\n<ul class=\"wp-block-list\">\n<li><a href=\"https:\/\/cloud.le-pic.org\/s\/2DCoXLg2r8inEki\" data-type=\"link\" data-id=\"https:\/\/cloud.le-pic.org\/s\/2DCoXLg2r8inEki\" target=\"_blank\" rel=\"noreferrer noopener\">R\u00e9union CA 27 novembre 2018<\/a><\/li>\n\n\n\n<li><a href=\"https:\/\/cloud.le-pic.org\/s\/GWxHN4L9NJzimsZ\" data-type=\"link\" data-id=\"https:\/\/cloud.le-pic.org\/s\/GWxHN4L9NJzimsZ\" target=\"_blank\" rel=\"noreferrer noopener\">R\u00e9union CA 29 mars 2018<\/a><\/li>\n<\/ul>\n\n\n\n<p><\/p>\n<\/div>\n<\/div>\n\n\n\n<p><\/p>\n","protected":false},"excerpt":{"rendered":"<p>Nos statuts Le RCC est une association de type \u00ab\u00a0loi 1901\u00a0\u00bb \u00e0 but non lucratif. Fond\u00e9e le 09 mars 2017 \u00e0 Colomiers, ses statuts sont de fait publics et d\u00e9pos\u00e9s &#8230;<\/p>\n","protected":false},"author":2,"featured_media":0,"parent":0,"menu_order":0,"comment_status":"open","ping_status":"closed","template":"","meta":{"footnotes":""},"class_list":["post-91","page","type-page","status-publish","hentry"],"_links":{"self":[{"href":"https:\/\/www.repaircafecolomiers.org\/index.php?rest_route=\/wp\/v2\/pages\/91","targetHints":{"allow":["GET"]}}],"collection":[{"href":"https:\/\/www.repaircafecolomiers.org\/index.php?rest_route=\/wp\/v2\/pages"}],"about":[{"href":"https:\/\/www.repaircafecolomiers.org\/index.php?rest_route=\/wp\/v2\/types\/page"}],"author":[{"embeddable":true,"href":"https:\/\/www.repaircafecolomiers.org\/index.php?rest_route=\/wp\/v2\/users\/2"}],"replies":[{"embeddable":true,"href":"https:\/\/www.repaircafecolomiers.org\/index.php?rest_route=%2Fwp%2Fv2%2Fcomments&post=91"}],"version-history":[{"count":14,"href":"https:\/\/www.repaircafecolomiers.org\/index.php?rest_route=\/wp\/v2\/pages\/91\/revisions"}],"predecessor-version":[{"id":1027,"href":"https:\/\/www.repaircafecolomiers.org\/index.php?rest_route=\/wp\/v2\/pages\/91\/revisions\/1027"}],"wp:attachment":[{"href":"https:\/\/www.repaircafecolomiers.org\/index.php?rest_route=%2Fwp%2Fv2%2Fmedia&parent=91"}],"curies":[{"name":"wp","href":"https:\/\/api.w.org\/{rel}","templated":true}]}}